{"id":8128,"date":"2023-09-04T15:25:05","date_gmt":"2023-09-04T13:25:05","guid":{"rendered":"https:\/\/www.remea.ca\/?page_id=8128"},"modified":"2023-09-04T15:25:06","modified_gmt":"2023-09-04T13:25:06","slug":"ethique","status":"publish","type":"page","link":"https:\/\/www.remea.ca\/fr\/ethique\/","title":{"rendered":"Ethique"},"content":{"rendered":"<p><div class=\"fusion-fullwidth fullwidth-box fusion-builder-row-1 nonhundred-percent-fullwidth non-hundred-percent-height-scrolling\" style=\"--awb-border-radius-top-left:0px;--awb-border-radius-top-right:0px;--awb-border-radius-bottom-right:0px;--awb-border-radius-bottom-left:0px;--awb-flex-wrap:wrap;\" ><div class=\"fusion-builder-row fusion-row\"><div class=\"fusion-layout-column fusion_builder_column fusion-builder-column-0 fusion_builder_column_1_1 1_1 fusion-one-full fusion-column-first fusion-column-last\" style=\"--awb-padding-right:0%;--awb-padding-left:0%;--awb-bg-size:cover;\"><div class=\"fusion-column-wrapper fusion-column-has-shadow fusion-flex-column-wrapper-legacy\"><div class=\"fusion-text fusion-text-1\"><p>Partout dans le monde, nous sommes anim\u00e9s par la m\u00eame volont\u00e9 de nous comporter de fa\u00e7on exemplaire vis-\u00e0-vis de toutes nos parties prenantes.<\/p>\n<\/div><div class=\"fusion-sep-clear\"><\/div><div class=\"fusion-separator fusion-full-width-sep\" style=\"margin-left: auto;margin-right: auto;margin-top:20px;width:100%;\"><\/div><div class=\"fusion-sep-clear\"><\/div><div class=\"fusion-clearfix\"><\/div><\/div><\/div><\/div><\/div><div class=\"fusion-fullwidth fullwidth-box fusion-builder-row-2 nonhundred-percent-fullwidth non-hundred-percent-height-scrolling\" style=\"--awb-border-radius-top-left:0px;--awb-border-radius-top-right:0px;--awb-border-radius-bottom-right:0px;--awb-border-radius-bottom-left:0px;--awb-flex-wrap:wrap;\" ><div class=\"fusion-builder-row fusion-row\"><div class=\"fusion-layout-column fusion_builder_column fusion-builder-column-1 fusion_builder_column_1_1 1_1 fusion-one-full fusion-column-first fusion-column-last\" style=\"--awb-bg-size:cover;\"><div class=\"fusion-column-wrapper fusion-column-has-shadow fusion-flex-column-wrapper-legacy\"><div class=\"fusion-text fusion-text-2\"><p>Que ce soit en mati\u00e8re d\u2019\u00e9thique des affaires ou de droits humains, nous exigeons de chacune et chacun, parmi nos \u00e9quipes, d\u2019agir dans le respect des r\u00e9glementations applicables, renforc\u00e9es par les engagements figurant dans la Charte \u00e9thique et comportements, le Code de conduite anticorruption et le Manifeste \u00e9dit\u00e9s par notre Groupe.<\/p>\n<\/div><div class=\"fusion-sep-clear\"><\/div><div class=\"fusion-separator fusion-full-width-sep\" style=\"margin-left: auto;margin-right: auto;margin-top:30px;width:100%;\"><\/div><div class=\"fusion-sep-clear\"><\/div><div class=\"fusion-text fusion-text-3\"><p>Le succ\u00e8s, le d\u00e9veloppement ainsi que la p\u00e9rennit\u00e9 individuelle et collective de nos entreprises passent par le strict respect des bonnes pratiques et des engagements, qui s\u2019imposent \u00e0 tous sans exception.<\/p>\n<\/div><div class=\"fusion-clearfix\"><\/div><\/div><\/div><\/div><\/div><div class=\"fusion-fullwidth fullwidth-box fusion-builder-row-3 nonhundred-percent-fullwidth non-hundred-percent-height-scrolling\" style=\"--awb-border-radius-top-left:0px;--awb-border-radius-top-right:0px;--awb-border-radius-bottom-right:0px;--awb-border-radius-bottom-left:0px;--awb-flex-wrap:wrap;\" ><div class=\"fusion-builder-row fusion-row\"><div class=\"fusion-layout-column fusion_builder_column fusion-builder-column-2 fusion_builder_column_1_1 1_1 fusion-one-full fusion-column-first fusion-column-last\" style=\"--awb-bg-size:cover;\"><div class=\"fusion-column-wrapper fusion-column-has-shadow fusion-flex-column-wrapper-legacy\"><div class=\"fusion-sep-clear\"><\/div><div class=\"fusion-separator fusion-full-width-sep\" style=\"margin-left: auto;margin-right: auto;margin-top:20px;width:100%;\"><\/div><div class=\"fusion-sep-clear\"><\/div><div class=\"fusion-aligncenter\"><a class=\"fusion-button button-flat fusion-button-default-size button-default fusion-button-default button-1 fusion-button-default-span fusion-button-default-type\" target=\"_self\" data-hover=\"text_slide_up\" href=\"https:\/\/www.vinci.com\/vinci.nsf\/fr\/item\/dispositif-d-alerte.htm\"><i class=\"fa-bullhorn fas awb-button__icon awb-button__icon--default button-icon-left\" aria-hidden=\"true\"><\/i><div class=\"awb-button-text-transition \"><span class=\"fusion-button-text awb-button__text awb-button__text--default\">DISPOSITIF D&rsquo;ALERTE<\/span><span class=\"fusion-button-text awb-button__text awb-button__text--default\">DISPOSITIF D&rsquo;ALERTE<\/span><\/div><\/a><\/div><div class=\"fusion-sep-clear\"><\/div><div class=\"fusion-separator fusion-full-width-sep\" style=\"margin-left: auto;margin-right: auto;margin-top:20px;width:100%;\"><\/div><div class=\"fusion-sep-clear\"><\/div><div class=\"fusion-sep-clear\"><\/div><div class=\"fusion-separator fusion-full-width-sep\" style=\"margin-left: auto;margin-right: auto;margin-top:20px;width:100%;\"><\/div><div class=\"fusion-sep-clear\"><\/div><div class=\"fusion-clearfix\"><\/div><\/div><\/div><\/div><\/div><div class=\"fusion-fullwidth fullwidth-box fusion-builder-row-4 fusion-flex-container has-pattern-background has-mask-background nonhundred-percent-fullwidth non-hundred-percent-height-scrolling\" style=\"--awb-border-radius-top-left:0px;--awb-border-radius-top-right:0px;--awb-border-radius-bottom-right:0px;--awb-border-radius-bottom-left:0px;--awb-flex-wrap:wrap;\" ><div class=\"fusion-builder-row fusion-row fusion-flex-align-items-flex-start fusion-flex-content-wrap\" style=\"max-width:1216.8px;margin-left: calc(-4% \/ 2 );margin-right: calc(-4% \/ 2 );\"><div class=\"fusion-layout-column fusion_builder_column fusion-builder-column-3 fusion_builder_column_1_1 1_1 fusion-flex-column\" style=\"--awb-bg-size:cover;--awb-width-large:100%;--awb-margin-top-large:0px;--awb-spacing-right-large:1.92%;--awb-margin-bottom-large:0px;--awb-spacing-left-large:1.92%;--awb-width-medium:100%;--awb-order-medium:0;--awb-spacing-right-medium:1.92%;--awb-spacing-left-medium:1.92%;--awb-width-small:100%;--awb-order-small:0;--awb-spacing-right-small:1.92%;--awb-spacing-left-small:1.92%;\"><div class=\"fusion-column-wrapper fusion-column-has-shadow fusion-flex-justify-content-flex-start fusion-content-layout-column\"><div class=\"fusion-image-element \" style=\"--awb-caption-title-font-family:var(--h2_typography-font-family);--awb-caption-title-font-weight:var(--h2_typography-font-weight);--awb-caption-title-font-style:var(--h2_typography-font-style);--awb-caption-title-size:var(--h2_typography-font-size);--awb-caption-title-transform:var(--h2_typography-text-transform);--awb-caption-title-line-height:var(--h2_typography-line-height);--awb-caption-title-letter-spacing:var(--h2_typography-letter-spacing);\"><span class=\" fusion-imageframe imageframe-none imageframe-1 hover-type-none\"><img decoding=\"async\" width=\"2560\" height=\"1707\" title=\"Join us_Menard\" src=\"https:\/\/www.remea.ca\/wp-content\/uploads\/sites\/7\/2021\/06\/join-us_Menard-scaled.jpg\" data-orig-src=\"https:\/\/www.menard-group.com\/wp-content\/uploads\/sites\/3\/2021\/06\/join-us_Menard-scaled.jpg\" alt class=\"lazyload img-responsive wp-image-6935\" srcset=\"data:image\/svg+xml,%3Csvg%20xmlns%3D%27http%3A%2F%2Fwww.w3.org%2F2000%2Fsvg%27%20width%3D%272560%27%20height%3D%271707%27%20viewBox%3D%270%200%202560%201707%27%3E%3Crect%20width%3D%272560%27%20height%3D%271707%27%20fill-opacity%3D%220%22%2F%3E%3C%2Fsvg%3E\" data-srcset=\"https:\/\/www.remea.ca\/wp-content\/uploads\/sites\/7\/2021\/06\/join-us_Menard-200x133.jpg 200w, https:\/\/www.remea.ca\/wp-content\/uploads\/sites\/7\/2021\/06\/join-us_Menard-400x267.jpg 400w, https:\/\/www.remea.ca\/wp-content\/uploads\/sites\/7\/2021\/06\/join-us_Menard-600x400.jpg 600w, https:\/\/www.remea.ca\/wp-content\/uploads\/sites\/7\/2021\/06\/join-us_Menard-800x533.jpg 800w, https:\/\/www.remea.ca\/wp-content\/uploads\/sites\/7\/2021\/06\/join-us_Menard-1200x800.jpg 1200w, https:\/\/www.remea.ca\/wp-content\/uploads\/sites\/7\/2021\/06\/join-us_Menard-scaled.jpg 2560w\" data-sizes=\"auto\" data-orig-sizes=\"(max-width: 1024px) 100vw, (max-width: 640px) 100vw, 1200px\" \/><\/span><\/div><\/div><\/div><\/div><\/div><\/p>\n","protected":false},"excerpt":{"rendered":"","protected":false},"author":1369,"featured_media":0,"parent":0,"menu_order":0,"comment_status":"closed","ping_status":"closed","template":"","meta":{"footnotes":""},"class_list":["post-8128","page","type-page","status-publish","hentry"],"yoast_head":"<!-- This site is optimized with the Yoast SEO plugin v27.1.1 - https:\/\/yoast.com\/product\/yoast-seo-wordpress\/ -->\n<title>Ethique - Remea Canada<\/title>\n<meta name=\"robots\" content=\"index, follow, max-snippet:-1, max-image-preview:large, max-video-preview:-1\" \/>\n<link rel=\"canonical\" href=\"https:\/\/www.remea.ca\/fr\/ethique\/\" \/>\n<meta property=\"og:locale\" content=\"fr_FR\" \/>\n<meta property=\"og:type\" content=\"article\" \/>\n<meta property=\"og:title\" content=\"Ethique - Remea Canada\" \/>\n<meta property=\"og:url\" content=\"https:\/\/www.remea.ca\/fr\/ethique\/\" \/>\n<meta property=\"og:site_name\" content=\"Remea Canada\" \/>\n<meta property=\"article:modified_time\" content=\"2023-09-04T13:25:06+00:00\" \/>\n<meta property=\"og:image\" content=\"https:\/\/www.remea.ca\/wp-content\/uploads\/sites\/7\/2022\/01\/Nice-1977.jpg\" \/>\n\t<meta property=\"og:image:width\" content=\"1040\" \/>\n\t<meta property=\"og:image:height\" content=\"910\" \/>\n\t<meta property=\"og:image:type\" content=\"image\/jpeg\" \/>\n<meta name=\"twitter:card\" content=\"summary_large_image\" \/>\n<script type=\"application\/ld+json\" class=\"yoast-schema-graph\">{\"@context\":\"https:\/\/schema.org\",\"@graph\":[{\"@type\":\"WebPage\",\"@id\":\"https:\/\/www.remea.ca\/fr\/ethique\/\",\"url\":\"https:\/\/www.remea.ca\/fr\/ethique\/\",\"name\":\"Ethique - Remea Canada\",\"isPartOf\":{\"@id\":\"https:\/\/www.remea.ca\/fr\/#website\"},\"datePublished\":\"2023-09-04T13:25:05+00:00\",\"dateModified\":\"2023-09-04T13:25:06+00:00\",\"breadcrumb\":{\"@id\":\"https:\/\/www.remea.ca\/fr\/ethique\/#breadcrumb\"},\"inLanguage\":\"fr-FR\",\"potentialAction\":[{\"@type\":\"ReadAction\",\"target\":[\"https:\/\/www.remea.ca\/fr\/ethique\/\"]}]},{\"@type\":\"BreadcrumbList\",\"@id\":\"https:\/\/www.remea.ca\/fr\/ethique\/#breadcrumb\",\"itemListElement\":[{\"@type\":\"ListItem\",\"position\":1,\"name\":\"Home\",\"item\":\"https:\/\/www.remea.ca\/fr\/\"},{\"@type\":\"ListItem\",\"position\":2,\"name\":\"Ethique\"}]},{\"@type\":\"WebSite\",\"@id\":\"https:\/\/www.remea.ca\/fr\/#website\",\"url\":\"https:\/\/www.remea.ca\/fr\/\",\"name\":\"Remea Canada\",\"description\":\"\",\"publisher\":{\"@id\":\"https:\/\/www.remea.ca\/fr\/#organization\"},\"potentialAction\":[{\"@type\":\"SearchAction\",\"target\":{\"@type\":\"EntryPoint\",\"urlTemplate\":\"https:\/\/www.remea.ca\/fr\/?s={search_term_string}\"},\"query-input\":{\"@type\":\"PropertyValueSpecification\",\"valueRequired\":true,\"valueName\":\"search_term_string\"}}],\"inLanguage\":\"fr-FR\"},{\"@type\":\"Organization\",\"@id\":\"https:\/\/www.remea.ca\/fr\/#organization\",\"name\":\"Menard group, world specialist in ground improvement\",\"url\":\"https:\/\/www.remea.ca\/fr\/\",\"logo\":{\"@type\":\"ImageObject\",\"inLanguage\":\"fr-FR\",\"@id\":\"https:\/\/www.remea.ca\/fr\/#\/schema\/logo\/image\/\",\"url\":\"https:\/\/www.remea.ca\/wp-content\/uploads\/sites\/7\/2021\/06\/MENARD-LOGO-icon-above-colour.png\",\"contentUrl\":\"https:\/\/www.remea.ca\/wp-content\/uploads\/sites\/7\/2021\/06\/MENARD-LOGO-icon-above-colour.png\",\"width\":110,\"height\":82,\"caption\":\"Menard group, world specialist in ground improvement\"},\"image\":{\"@id\":\"https:\/\/www.remea.ca\/fr\/#\/schema\/logo\/image\/\"}}]}<\/script>\n<!-- \/ Yoast SEO plugin. -->","yoast_head_json":{"title":"Ethique - Remea Canada","robots":{"index":"index","follow":"follow","max-snippet":"max-snippet:-1","max-image-preview":"max-image-preview:large","max-video-preview":"max-video-preview:-1"},"canonical":"https:\/\/www.remea.ca\/fr\/ethique\/","og_locale":"fr_FR","og_type":"article","og_title":"Ethique - Remea Canada","og_url":"https:\/\/www.remea.ca\/fr\/ethique\/","og_site_name":"Remea Canada","article_modified_time":"2023-09-04T13:25:06+00:00","og_image":[{"width":1040,"height":910,"url":"https:\/\/www.remea.ca\/wp-content\/uploads\/sites\/7\/2022\/01\/Nice-1977.jpg","type":"image\/jpeg"}],"twitter_card":"summary_large_image","schema":{"@context":"https:\/\/schema.org","@graph":[{"@type":"WebPage","@id":"https:\/\/www.remea.ca\/fr\/ethique\/","url":"https:\/\/www.remea.ca\/fr\/ethique\/","name":"Ethique - Remea Canada","isPartOf":{"@id":"https:\/\/www.remea.ca\/fr\/#website"},"datePublished":"2023-09-04T13:25:05+00:00","dateModified":"2023-09-04T13:25:06+00:00","breadcrumb":{"@id":"https:\/\/www.remea.ca\/fr\/ethique\/#breadcrumb"},"inLanguage":"fr-FR","potentialAction":[{"@type":"ReadAction","target":["https:\/\/www.remea.ca\/fr\/ethique\/"]}]},{"@type":"BreadcrumbList","@id":"https:\/\/www.remea.ca\/fr\/ethique\/#breadcrumb","itemListElement":[{"@type":"ListItem","position":1,"name":"Home","item":"https:\/\/www.remea.ca\/fr\/"},{"@type":"ListItem","position":2,"name":"Ethique"}]},{"@type":"WebSite","@id":"https:\/\/www.remea.ca\/fr\/#website","url":"https:\/\/www.remea.ca\/fr\/","name":"Remea Canada","description":"","publisher":{"@id":"https:\/\/www.remea.ca\/fr\/#organization"},"potentialAction":[{"@type":"SearchAction","target":{"@type":"EntryPoint","urlTemplate":"https:\/\/www.remea.ca\/fr\/?s={search_term_string}"},"query-input":{"@type":"PropertyValueSpecification","valueRequired":true,"valueName":"search_term_string"}}],"inLanguage":"fr-FR"},{"@type":"Organization","@id":"https:\/\/www.remea.ca\/fr\/#organization","name":"Menard group, world specialist in ground improvement","url":"https:\/\/www.remea.ca\/fr\/","logo":{"@type":"ImageObject","inLanguage":"fr-FR","@id":"https:\/\/www.remea.ca\/fr\/#\/schema\/logo\/image\/","url":"https:\/\/www.remea.ca\/wp-content\/uploads\/sites\/7\/2021\/06\/MENARD-LOGO-icon-above-colour.png","contentUrl":"https:\/\/www.remea.ca\/wp-content\/uploads\/sites\/7\/2021\/06\/MENARD-LOGO-icon-above-colour.png","width":110,"height":82,"caption":"Menard group, world specialist in ground improvement"},"image":{"@id":"https:\/\/www.remea.ca\/fr\/#\/schema\/logo\/image\/"}}]}},"_links":{"self":[{"href":"https:\/\/www.remea.ca\/fr\/wp-json\/wp\/v2\/pages\/8128","targetHints":{"allow":["GET"]}}],"collection":[{"href":"https:\/\/www.remea.ca\/fr\/wp-json\/wp\/v2\/pages"}],"about":[{"href":"https:\/\/www.remea.ca\/fr\/wp-json\/wp\/v2\/types\/page"}],"author":[{"embeddable":true,"href":"https:\/\/www.remea.ca\/fr\/wp-json\/wp\/v2\/users\/1369"}],"replies":[{"embeddable":true,"href":"https:\/\/www.remea.ca\/fr\/wp-json\/wp\/v2\/comments?post=8128"}],"version-history":[{"count":1,"href":"https:\/\/www.remea.ca\/fr\/wp-json\/wp\/v2\/pages\/8128\/revisions"}],"predecessor-version":[{"id":8129,"href":"https:\/\/www.remea.ca\/fr\/wp-json\/wp\/v2\/pages\/8128\/revisions\/8129"}],"wp:attachment":[{"href":"https:\/\/www.remea.ca\/fr\/wp-json\/wp\/v2\/media?parent=8128"}],"curies":[{"name":"wp","href":"https:\/\/api.w.org\/{rel}","templated":true}]}}